{"id":39,"date":"2023-04-06T16:17:05","date_gmt":"2023-04-06T19:17:05","guid":{"rendered":"https:\/\/www.leegamkt.com.br\/?page_id=39"},"modified":"2024-10-14T14:42:29","modified_gmt":"2024-10-14T17:42:29","slug":"politica-de-privacidade","status":"publish","type":"page","link":"https:\/\/www.leegamkt.com.br\/es\/politica-de-privacidade\/","title":{"rendered":"Pol\u00edtica de privacidad"},"content":{"rendered":"<p><strong>1. Informaci\u00f3n General:<\/strong><\/p>\n<p>La presente Pol\u00edtica de Privacidad contiene informaci\u00f3n relativa a la forma en que tratamos, total o parcialmente, de forma automatizada o no, los datos de car\u00e1cter personal de los usuarios que acceden a nuestro sitio web. Su objetivo es aclarar a las partes interesadas sobre los tipos de datos que se recogen, las razones de la recopilaci\u00f3n y c\u00f3mo el usuario puede actualizar, gestionar o eliminar esta informaci\u00f3n.<\/p>\n<p>Esta Pol\u00edtica de Privacidad se ha elaborado de conformidad con la Ley Federal n.\u00ba 12.965, de 23 de abril de 2014 (Marco Civil da Internet), la Ley Federal n.\u00ba 13.709, de 14 de agosto de 2018 (Ley de Protecci\u00f3n de Datos Personales) y el Reglamento UE n.\u00ba 2016\/679, de fecha 27 de abril de 2016 (Reglamento General Europeo de Protecci\u00f3n de Datos de Car\u00e1cter Personal &#8211; RGDP).<\/p>\n<p>La presente Pol\u00edtica de Privacidad podr\u00e1 ser actualizada como consecuencia de cualquier actualizaci\u00f3n normativa, por lo que, se invita al usuario a consultar peri\u00f3dicamente este apartado.<\/p>\n<p>acepta y acuerda expresamente lo dispuesto en las presentes Condiciones de Uso.<\/p>\n<p><strong>2. Definiciones<\/strong><\/p>\n<p>2.1 Usu\u00e1rio: toda persona f\u00edsica, mayor de edad o emancipada, plenamente capaz de realizar actos de la vida civil o aquellos absoluta o relativamente incapaces, debidamente representados o asistidos por sus representantes, que utilizar\u00e1 o visitar\u00e1 el Sitio de Leega MKT.<\/p>\n<p>2.2 Datos Personales: Cualquier informaci\u00f3n proporcionada por el usuario o recopilada por Leega MKT, independientemente del medio de recopilaci\u00f3n, incluso si es p\u00fablica, que (i) identifique, o cuando se utilice en combinaci\u00f3n con otra informaci\u00f3n procesada, identifique a un individuo o grupo de individuos; o (ii) mediante la cual sea posible la identificaci\u00f3n de contacto de una persona o grupo de personas. Los Datos Personales pueden estar en cualquier medio o formato, incluidos los registros electr\u00f3nicos o informatizados, encriptados o no.<\/p>\n<p>2.3 Base jur\u00eddica: conjunto de normas que legitiman la recogida y el tratamiento de datos personales para un fin determinado;<\/p>\n<p>2.4 Consentimento: consentimento expreso e inequ\u00edvoco otorgado por el Usuario titular de los datos personales para que Leega MKT trate sus datos personales.<\/p>\n<p>Esta pol\u00edtica se aplica, con car\u00e1cter general, a todos los Usuarios y potenciales Usuarios de los productos y servicios ofrecidos por Leega MKT, incluidos los Usuarios de los sitios u otros medios operados por el Grupo, que pueden recoger, producir, recibir, clasificar, utilizar, acceder, reproducir, transmitir, distribuir, procesar, archivar, almacenar, eliminar, evaluar o controlar la informaci\u00f3n, modificar, comunicar, transferir, difundir o extraer los datos recogidos, incluida la informaci\u00f3n de identificaci\u00f3n personal, de conformidad con las bases legales aplicables y todas las leyes vigentes de privacidad y protecci\u00f3n de datos.<\/p>\n<p>Al acceder y\/o utilizar el sitio web de Leega MKT, el Usuario declara ser mayor de dieciocho (18) a\u00f1os y tener plena y expresa capacidad para aceptar los t\u00e9rminos y condiciones de esta Pol\u00edtica de Privacidad y el T\u00e9rmino de Consentimiento a todos los efectos legales.<\/p>\n<p>Si el Usuario no se ajusta a la descripci\u00f3n anterior y\/o no est\u00e1 de acuerdo, aunque sea parcialmente, con los t\u00e9rminos y condiciones contenidos en la presente Pol\u00edtica de Privacidad, el Usuario no podr\u00e1 acceder y\/o utilizar los servicios, consumir los productos ofrecidos por Leega MKT, as\u00ed como los sitios web y servicios operados por Leega MKT.<\/p>\n<p><strong>3. Derechos del Usuario<\/strong><\/p>\n<p>Los datos personales del usuario ser\u00e1n tratados de forma l\u00edcita, justa y transparente (licitud, lealtad y transparencia);<\/p>\n<p>Los datos personales del usuario se recopilar\u00e1n \u00fanicamente con fines determinados, expl\u00edcitos y leg\u00edtimos, y no podr\u00e1n ser tratados posteriormente de manera incompatible con dichos fines (limitaci\u00f3n de la finalidad);<\/p>\n<p>Sus datos personales se recoger\u00e1n de forma adecuada, pertinente y limitada a las necesidades de la finalidad para la que se tratan (minimizaci\u00f3n de datos);<\/p>\n<p>Sus datos personales ser\u00e1n exactos y se actualizar\u00e1n cuando sea necesario, de modo que los datos inexactos se suprimen o rectificar\u00e1n cuando sea posible.<\/p>\n<p>3.1. El usuario del sitio web tiene los siguientes derechos, conferidos por la Ley de Protecci\u00f3n de Datos Personales y el RGPD:<\/p>\n<ul>\n<li>Derecho de confirmaci\u00f3n y acceso: es el derecho del usuario a obtener del sitio web la informaci\u00f3n acerca de si los datos personales que le conciernen son o no objeto de tratamiento y, en caso afirmativo, el derecho a acceder a sus datos personales;<\/li>\n<li>Derecho de rectificaci\u00f3n: es el derecho del usuario a obtener del sitio web, sin dilaciones indebidas, la rectificaci\u00f3n de los datos personales inexactos que le concierne;<\/li>\n<li>Derecho al borrado de datos (derecho al olvido): es el derecho del usuario a que sus datos sean borrados del sitio web;<\/li>\n<li>Derecho a la limitaci\u00f3n del tratamiento de datos: es el derecho del usuario a la limitaci\u00f3n del tratamiento de sus datos personales, pudiendo obtenerla cuando impugne la exactitud de los datos, cuando el tratamiento sea il\u00edcito, cuando la web ya no necesite los datos para los fines propuestos y cuando se haya opuesto al tratamiento de los datos y en caso de tratamiento de datos innecesarios;<\/li>\n<li>Derecho de oposici\u00f3n: es el derecho del usuario a oponerse en cualquier momento, por motivos relacionados con su situaci\u00f3n particular, al tratamiento de datos personales que le conciernen, pudiendo tambi\u00e9n oponerse al uso de sus datos personales para la elaboraci\u00f3n de perfiles comerciales (profiling);<\/li>\n<li>Derecho a la portabilidad de los datos: es el derecho del usuario a recibir los datos personales que le conciernen y que haya facilitado al sitio web, en un formato estructurado, de uso com\u00fan y lectura mec\u00e1nica, y el derecho a transmitir estos datos a otro sitio web;<\/li>\n<li>Derecho a no ser objeto de decisiones automatizadas: es el derecho del usuario a no ser objeto de ninguna decisi\u00f3n adoptada exclusivamente sobre la base de un tratamiento automatizado, incluida la elaboraci\u00f3n de perfiles, que produzca efectos en su esfera jur\u00eddica o que le afecte significativamente de modo similar.<\/li>\n<\/ul>\n<p>El usuario podr\u00e1 ejercitar sus derechos mediante comunicaci\u00f3n escrita dirigida al sitio web con el asunto \u00abRGDP-Leega MKT\u00bb, especificando:<\/p>\n<ul>\n<li>Nombre completo o raz\u00f3n social, n\u00famero de CPF (Cadastro de Pessoas F\u00edsicas, de la Receita Federal de Brasil) o CNPJ (Cadastro Nacional de Pessoa Jur\u00eddica, de la Receita Federal de Brasil) y direcci\u00f3n de correo electr\u00f3nico del usuario y, en su caso, de su representante;<\/li>\n<li>Derecho que desea ejercer ante el sitio;<\/li>\n<li>Fecha de la solicitud y firma del usuario;<\/li>\n<\/ul>\n<p>Cualquier documento que pueda acreditar o justificar el ejercicio de su derecho.<\/p>\n<p>La solicitud deber\u00e1 enviarse a contato@leegamkt.com.br<\/p>\n<p>El usuario ser\u00e1 informado en caso de rectificaci\u00f3n o supresi\u00f3n de sus datos.<\/p>\n<p><strong>4. Obligaci\u00f3n de no facilitar datos de terceros<\/strong><\/p>\n<p>Durante el uso del sitio, con el fin de salvaguardar y proteger los derechos de terceros, el usuario del sitio debe proporcionar \u00fanicamente sus datos personales y no los de terceros.<\/p>\n<p><strong>5. Informaci\u00f3n recogida<\/strong><\/p>\n<p>La recogida de datos de los usuarios se realizar\u00e1 de conformidad con lo dispuesto en la presente Pol\u00edtica de Privacidad y depender\u00e1 del consentimiento del usuario, siendo \u00e9ste dispensable \u00fanicamente en los supuestos previstos en el art. 11, punto II, de la Ley de Protecci\u00f3n de Datos de Car\u00e1cter Personal.<\/p>\n<p>5.1 Tipos de Datos Recogidos<\/p>\n<p>5.1.1 Datos de Identificaci\u00f3n del Usuario para el Registro<\/p>\n<p>&#8211; Nombre del Usuario<br \/>\n&#8211; Direcci\u00f3n de la Oficina<br \/>\n&#8211; Direcci\u00f3n de correo electr\u00f3nico<\/p>\n<p>5.1.2 Datos Informados en el Formulario de Contacto<\/p>\n<p>Se recoger\u00e1n y almacenar\u00e1n los datos eventualmente informados por el usuario que utilice el formulario de contacto disponible en el sitio, incluido el contenido del mensaje enviado.<\/p>\n<p>5.1.3 Registros de acceso<\/p>\n<p>En cumplimiento de lo dispuesto en el art. 15, caput y p\u00e1rrafos, de la Ley Federal n. 12.965\/2014 (Marco Civil da Internet), los registros de acceso de los usuarios ser\u00e1n recogidos y almacenados.<\/p>\n<p>5.1.4 Bolet\u00edn de noticias<\/p>\n<p>La direcci\u00f3n de correo electr\u00f3nico registrada por el usuario que opta por suscribirse a nuestra Newsletter ser\u00e1 recogida y almacenada hasta que el usuario solicite darse de baja.<\/p>\n<p>5.1.5 Datos sensibles<\/p>\n<p>No se recoger\u00e1n datos sensibles de los usuarios, entendiendo por tales los definidos en los arts. 9 y 10 del RGPD y en los arts. 11 y siguientes de la LOPD. As\u00ed, entre otros, no se recoger\u00e1n los siguientes datos:<\/p>\n<ul>\n<li>datos que revelen el origen racial o \u00e9tnico, las opiniones pol\u00edticas, las convicciones religiosas o filos\u00f3ficas, o la afiliaci\u00f3n sindical del usuario;<\/li>\n<li>datos gen\u00e9ticos;<\/li>\n<li>datos biom\u00e9tricos para identificar inequ\u00edvocamente a una persona;<\/li>\n<li>datos relativos a la salud del usuario;<\/li>\n<li>datos relativos a la vida sexual u orientaci\u00f3n sexual del usuario;<\/li>\n<li>datos relativos a condenas o delitos penales o con medidas de seguridad relacionadas.<\/li>\n<\/ul>\n<p>5.1.6. Recogida de datos no previstos anteriormente<\/p>\n<p>Eventualmente, podr\u00e1n ser recogidos otros tipos de datos no previstos expresamente en esta Pol\u00edtica de Privacidad, siempre que sean facilitados con el consentimiento del usuario, o, adem\u00e1s, que la recogida sea permitida o impuesta por ley.<\/p>\n<p>5.1.7 Uso de la informaci\u00f3n recogida<\/p>\n<p>Utilizaremos la informaci\u00f3n recogida de los usuarios de acuerdo con la legislaci\u00f3n aplicable y con el prop\u00f3sito principal de desarrollar, mantener y mejorar las caracter\u00edsticas y funcionalidades de nuestros sitios y servicios para proporcionar la mejor experiencia posible al usuario.<\/p>\n<p>La informaci\u00f3n recopilada se utilizar\u00e1 para:<\/p>\n<ul>\n<li>Realizar actualizaciones de mantenimiento y registro de usuarios;<\/li>\n<li>Medir, analizar y comprender la audiencia, el rendimiento y el uso de los portales y servicios (incluidas las p\u00e1ginas visitadas y las funciones utilizadas, el n\u00famero de clics y accesos), la satisfacci\u00f3n del usuario con los portales y servicios, los h\u00e1bitos de navegaci\u00f3n y el perfil del usuario, comprobar c\u00f3mo lleg\u00f3 el usuario a los portales y servicios (por ejemplo, mediante acceso directo o a trav\u00e9s de enlaces o cookies de sitios de terceros).<\/li>\n<\/ul>\n<p>5.1.7 Finalidad del uso de la informaci\u00f3n recogida<\/p>\n<p>Utilizaremos la informaci\u00f3n recogida de los usuarios de acuerdo con la legislaci\u00f3n aplicable y con el prop\u00f3sito principal de desarrollar, mantener y mejorar las caracter\u00edsticas y funcionalidades de nuestros sitios web y nuestros servicios para proporcionar la mejor experiencia de usuario posible.<\/p>\n<p>La informaci\u00f3n recopilada se utilizar\u00e1 para:<\/p>\n<ul>\n<li>Realizar actualizaciones de mantenimiento y registro de usuarios;<\/li>\n<li>Medir, analizar y comprender la audiencia, el rendimiento y el uso de los portales y servicios (incluidas las p\u00e1ginas visitadas y las funcionalidades utilizadas, el n\u00famero de clics y accesos), la satisfacci\u00f3n del usuario con los portales y servicios, los h\u00e1bitos de navegaci\u00f3n y el perfil del usuario, comprobar c\u00f3mo ha llegado el usuario a los portales y servicios (por ejemplo, mediante acceso directo o a trav\u00e9s de enlaces o cookies de sitios de terceros);<\/li>\n<li>Permitir el desarrollo, oferta y utilizaci\u00f3n de los servicios, contenidos y anuncios de Leega MKT de forma m\u00e1s personalizada, de acuerdo con las necesidades e intereses de los usuarios;<\/li>\n<li>Permitir a los usuarios compartir contenidos en sus redes sociales y sitios web, as\u00ed como con terceros;<\/li>\n<\/ul>\n<p>Permitir el an\u00e1lisis, gesti\u00f3n y tratamiento de los posibles riesgos en la oferta y contrataci\u00f3n de los servicios de Leega MKT;<\/p>\n<p>Permitir la ejecuci\u00f3n de los servicios y funcionalidades disponibles en los portales y plataformas, as\u00ed como el cumplimiento de las obligaciones legales y contractuales derivadas de los mismos;<\/p>\n<p>Permitir el cumplimiento y ejecuci\u00f3n de las obligaciones legales, reglamentarias, contractuales, as\u00ed como la protecci\u00f3n y el ejercicio regular de los derechos por parte del usuario y de Leega MKT;<\/p>\n<ul>\n<li>Permitir el cumplimiento de requerimientos, solicitudes y decisiones de autoridades judiciales y administrativas;<\/li>\n<li>Permitir el servicio a los usuarios y que \u00e9stos puedan ponerse en contacto con Leega MKT siempre que sea posible, as\u00ed como de otro modo.<\/li>\n<\/ul>\n<p>5.2 Base Legal para el Tratamiento de Datos Personales<\/p>\n<p>Al utilizar los servicios del Sitio, el usuario est\u00e1 dando su consentimiento a esta Pol\u00edtica de Privacidad.<\/p>\n<p>El usuario tiene derecho a retirar su consentimiento en cualquier momento, sin que ello comprometa la licitud del tratamiento de sus datos personales anterior a la retirada. La retirada del consentimiento podr\u00e1 realizarse por correo electr\u00f3nico: contato@leegamkt.com.br.<\/p>\n<p>El consentimiento de los incapaces relativos o absolutos, especialmente los menores de 16 (diecis\u00e9is) a\u00f1os, s\u00f3lo podr\u00e1 ser prestado, respectivamente, si est\u00e1n debidamente asistidos o representados.<\/p>\n<p>Tambi\u00e9n podr\u00e1n ser recogidos los datos personales necesarios para la ejecuci\u00f3n y cumplimiento de los servicios contratados por el usuario en el sitio.<\/p>\n<p>El tratamiento de datos de car\u00e1cter personal sin el consentimiento del usuario s\u00f3lo podr\u00e1 realizarse por motivos de inter\u00e9s leg\u00edtimo o para las hip\u00f3tesis previstas en la ley, esto es, entre otras, las siguientes:<\/p>\n<ul>\n<li>para el cumplimiento de una obligaci\u00f3n legal o reglamentaria por parte del contro<\/li>\n<\/ul>\n<p>5.2 Base jur\u00eddica para el tratamiento de datos personales<\/p>\n<p>Al utilizar los servicios del sitio web, el usuario est\u00e1 dando su consentimiento a la presente Pol\u00edtica de Privacidad.<\/p>\n<p>El usuario tiene derecho a retirar su consentimiento en cualquier momento, sin que ello comprometa la licitud del tratamiento de sus datos personales antes de la retirada. La retirada del consentimiento podr\u00e1 realizarse a trav\u00e9s del correo electr\u00f3nico: contato@leegamkt.com.br.<\/p>\n<p>El consentimiento de los incapaces relativos o absolutos, especialmente los menores de 16 (diecis\u00e9is) a\u00f1os, s\u00f3lo podr\u00e1 ser prestado, respectivamente, si est\u00e1n debidamente asistidos o representados.<\/p>\n<p>Tambi\u00e9n podr\u00e1n ser recogidos los datos personales necesarios para la ejecuci\u00f3n y cumplimiento de los servicios contratados por el usuario en el sitio.<\/p>\n<p>El tratamiento de datos de car\u00e1cter personal sin el consentimiento del usuario s\u00f3lo podr\u00e1 realizarse por motivos de inter\u00e9s leg\u00edtimo o para las hip\u00f3tesis previstas en la ley, esto es, entre otras, las siguientes:<\/p>\n<ul>\n<li>para el cumplimiento de una obligaci\u00f3n legal o reglamentaria por parte del responsable del tratamiento;<\/li>\n<li>para la realizaci\u00f3n de estudios por parte de un organismo de investigaci\u00f3n, garantizando, siempre que sea posible, la anonimizaci\u00f3n de los datos personales;<\/li>\n<li>cuando sea necesario para la ejecuci\u00f3n de un contrato o de procedimientos preliminares<\/li>\n<li>procedimientos preliminares relacionados con un contrato en el que el usuario sea parte, a petici\u00f3n del interesado;<\/li>\n<li>para el ejercicio regular de derechos en procedimientos judiciales, administrativos o arbitrales, estos \u00faltimos en los t\u00e9rminos de la Ley n\u00ba 9.307, de 23 de septiembre de 1996 (Ley de Arbitraje);<\/li>\n<li>para la protecci\u00f3n de la vida o la seguridad f\u00edsica del interesado o de un tercero;<\/li>\n<li>para la protecci\u00f3n de la salud, en un procedimiento llevado a cabo por profesionales de la salud o entidades sanitarias;<\/li>\n<li>cuando sea necesario para satisfacer los intereses leg\u00edtimos del responsable del tratamiento o de un tercero, excepto cuando prevalezcan los derechos y libertades fundamentales del interesado y requieran la protecci\u00f3n de los datos personales;<\/li>\n<\/ul>\n<p>para la protecci\u00f3n del cr\u00e9dito, incluso en lo que se refiere a las disposiciones de la legislaci\u00f3n pertinente.<\/p>\n<p>5.3 Plazo de conservaci\u00f3n de los datos personales<\/p>\n<p>Los datos personales de los usuarios ser\u00e1n conservados por el sitio, salvo que el usuario solicite su supresi\u00f3n antes de que finalice dicho plazo.<\/p>\n<p>Los datos personales de los usuarios s\u00f3lo podr\u00e1n ser conservados una vez finalizado su tratamiento en los siguientes casos:<\/p>\n<ul>\n<li>para el cumplimiento de una obligaci\u00f3n legal o reglamentaria por parte del responsable del tratamiento;<\/li>\n<li>para su estudio por un organismo de investigaci\u00f3n, garantizando, siempre que sea posible, la anonimizaci\u00f3n de los datos personales;<\/li>\n<li>para su cesi\u00f3n a un tercero, siempre que se respeten los requisitos de tratamiento de datos establecidos en la legislaci\u00f3n; para uso exclusivo del responsable del tratamiento, sin acceso de terceros, y siempre que los datos sean anonimizados.<\/li>\n<\/ul>\n<p><\/p>","protected":false},"excerpt":{"rendered":"<p>1. Informaci\u00f3n General: La presente Pol\u00edtica de Privacidad contiene informaci\u00f3n relativa a la forma en que tratamos, total o parcialmente, de forma automatizada o no, los datos de car\u00e1cter personal de los usuarios que acceden a nuestro sitio web. Su objetivo es aclarar a las<\/p>\n","protected":false},"author":1,"featured_media":0,"parent":0,"menu_order":0,"comment_status":"closed","ping_status":"closed","template":"","meta":{"_acf_changed":false,"footnotes":""},"class_list":["post-39","page","type-page","status-publish","hentry"],"acf":[],"yoast_head":"<!-- This site is optimized with the Yoast SEO plugin v27.4 - https:\/\/yoast.com\/product\/yoast-seo-wordpress\/ -->\n<title>Pol\u00edtica de privacidad - LEEGA MKT<\/title>\n<meta name=\"description\" content=\"Leia nossos Termos de Uso para entender suas responsabilidades e direitos ao ingressar no site desta ag\u00eancia de marketing jur\u00eddico.\" \/>\n<meta name=\"robots\" content=\"index, follow, max-snippet:-1, max-image-preview:large, max-video-preview:-1\" \/>\n<link rel=\"canonical\" href=\"https:\/\/www.leegamkt.com.br\/politica-de-privacidade\/\" \/>\n<meta property=\"og:locale\" content=\"es_ES\" \/>\n<meta property=\"og:type\" content=\"article\" \/>\n<meta property=\"og:title\" content=\"Pol\u00edtica de privacidad - LEEGA MKT\" \/>\n<meta property=\"og:description\" content=\"Leia nossos Termos de Uso para entender suas responsabilidades e direitos ao ingressar no site desta ag\u00eancia de marketing jur\u00eddico.\" \/>\n<meta property=\"og:url\" content=\"https:\/\/www.leegamkt.com.br\/politica-de-privacidade\/\" \/>\n<meta property=\"og:site_name\" content=\"LEEGA MKT\" \/>\n<meta property=\"article:modified_time\" content=\"2024-10-14T17:42:29+00:00\" \/>\n<meta name=\"twitter:card\" content=\"summary_large_image\" \/>\n<meta name=\"twitter:label1\" content=\"Tiempo de lectura\" \/>\n\t<meta name=\"twitter:data1\" content=\"29 minutos\" \/>\n<script type=\"application\/ld+json\" class=\"yoast-schema-graph\">{\"@context\":\"https:\\\/\\\/schema.org\",\"@graph\":[{\"@type\":\"WebPage\",\"@id\":\"https:\\\/\\\/www.leegamkt.com.br\\\/politica-de-privacidade\\\/\",\"url\":\"https:\\\/\\\/www.leegamkt.com.br\\\/politica-de-privacidade\\\/\",\"name\":\"[:pb]Termos de uso[:es]Pol\u00edtica de privacidad[:] - LEEGA MKT\",\"isPartOf\":{\"@id\":\"https:\\\/\\\/www.leegamkt.com.br\\\/#website\"},\"datePublished\":\"2023-04-06T19:17:05+00:00\",\"dateModified\":\"2024-10-14T17:42:29+00:00\",\"description\":\"Leia nossos Termos de Uso para entender suas responsabilidades e direitos ao ingressar no site desta ag\u00eancia de marketing jur\u00eddico.\",\"breadcrumb\":{\"@id\":\"https:\\\/\\\/www.leegamkt.com.br\\\/politica-de-privacidade\\\/#breadcrumb\"},\"inLanguage\":\"es\",\"potentialAction\":[{\"@type\":\"ReadAction\",\"target\":[\"https:\\\/\\\/www.leegamkt.com.br\\\/politica-de-privacidade\\\/\"]}]},{\"@type\":\"BreadcrumbList\",\"@id\":\"https:\\\/\\\/www.leegamkt.com.br\\\/politica-de-privacidade\\\/#breadcrumb\",\"itemListElement\":[{\"@type\":\"ListItem\",\"position\":1,\"name\":\"In\u00edcio\",\"item\":\"https:\\\/\\\/www.leegamkt.com.br\\\/\"},{\"@type\":\"ListItem\",\"position\":2,\"name\":\"Termos de uso\"}]},{\"@type\":\"WebSite\",\"@id\":\"https:\\\/\\\/www.leegamkt.com.br\\\/#website\",\"url\":\"https:\\\/\\\/www.leegamkt.com.br\\\/\",\"name\":\"LEEGA MKT\",\"description\":\"\",\"potentialAction\":[{\"@type\":\"SearchAction\",\"target\":{\"@type\":\"EntryPoint\",\"urlTemplate\":\"https:\\\/\\\/www.leegamkt.com.br\\\/?s={search_term_string}\"},\"query-input\":{\"@type\":\"PropertyValueSpecification\",\"valueRequired\":true,\"valueName\":\"search_term_string\"}}],\"inLanguage\":\"es\"}]}<\/script>\n<!-- \/ Yoast SEO plugin. -->","yoast_head_json":{"title":"Pol\u00edtica de privacidad - LEEGA MKT","description":"Leia nossos Termos de Uso para entender suas responsabilidades e direitos ao ingressar no site desta ag\u00eancia de marketing jur\u00eddico.","robots":{"index":"index","follow":"follow","max-snippet":"max-snippet:-1","max-image-preview":"max-image-preview:large","max-video-preview":"max-video-preview:-1"},"canonical":"https:\/\/www.leegamkt.com.br\/politica-de-privacidade\/","og_locale":"es_ES","og_type":"article","og_title":"Pol\u00edtica de privacidad - LEEGA MKT","og_description":"Leia nossos Termos de Uso para entender suas responsabilidades e direitos ao ingressar no site desta ag\u00eancia de marketing jur\u00eddico.","og_url":"https:\/\/www.leegamkt.com.br\/politica-de-privacidade\/","og_site_name":"LEEGA MKT","article_modified_time":"2024-10-14T17:42:29+00:00","twitter_card":"summary_large_image","twitter_misc":{"Tiempo de lectura":"29 minutos"},"schema":{"@context":"https:\/\/schema.org","@graph":[{"@type":"WebPage","@id":"https:\/\/www.leegamkt.com.br\/politica-de-privacidade\/","url":"https:\/\/www.leegamkt.com.br\/politica-de-privacidade\/","name":"[:pb]Termos de uso[:es]Pol\u00edtica de privacidad[:] - LEEGA MKT","isPartOf":{"@id":"https:\/\/www.leegamkt.com.br\/#website"},"datePublished":"2023-04-06T19:17:05+00:00","dateModified":"2024-10-14T17:42:29+00:00","description":"Leia nossos Termos de Uso para entender suas responsabilidades e direitos ao ingressar no site desta ag\u00eancia de marketing jur\u00eddico.","breadcrumb":{"@id":"https:\/\/www.leegamkt.com.br\/politica-de-privacidade\/#breadcrumb"},"inLanguage":"es","potentialAction":[{"@type":"ReadAction","target":["https:\/\/www.leegamkt.com.br\/politica-de-privacidade\/"]}]},{"@type":"BreadcrumbList","@id":"https:\/\/www.leegamkt.com.br\/politica-de-privacidade\/#breadcrumb","itemListElement":[{"@type":"ListItem","position":1,"name":"In\u00edcio","item":"https:\/\/www.leegamkt.com.br\/"},{"@type":"ListItem","position":2,"name":"Termos de uso"}]},{"@type":"WebSite","@id":"https:\/\/www.leegamkt.com.br\/#website","url":"https:\/\/www.leegamkt.com.br\/","name":"LEEGA MKT","description":"","potentialAction":[{"@type":"SearchAction","target":{"@type":"EntryPoint","urlTemplate":"https:\/\/www.leegamkt.com.br\/?s={search_term_string}"},"query-input":{"@type":"PropertyValueSpecification","valueRequired":true,"valueName":"search_term_string"}}],"inLanguage":"es"}]}},"_links":{"self":[{"href":"https:\/\/www.leegamkt.com.br\/es\/wp-json\/wp\/v2\/pages\/39","targetHints":{"allow":["GET"]}}],"collection":[{"href":"https:\/\/www.leegamkt.com.br\/es\/wp-json\/wp\/v2\/pages"}],"about":[{"href":"https:\/\/www.leegamkt.com.br\/es\/wp-json\/wp\/v2\/types\/page"}],"author":[{"embeddable":true,"href":"https:\/\/www.leegamkt.com.br\/es\/wp-json\/wp\/v2\/users\/1"}],"replies":[{"embeddable":true,"href":"https:\/\/www.leegamkt.com.br\/es\/wp-json\/wp\/v2\/comments?post=39"}],"version-history":[{"count":4,"href":"https:\/\/www.leegamkt.com.br\/es\/wp-json\/wp\/v2\/pages\/39\/revisions"}],"predecessor-version":[{"id":178,"href":"https:\/\/www.leegamkt.com.br\/es\/wp-json\/wp\/v2\/pages\/39\/revisions\/178"}],"wp:attachment":[{"href":"https:\/\/www.leegamkt.com.br\/es\/wp-json\/wp\/v2\/media?parent=39"}],"curies":[{"name":"wp","href":"https:\/\/api.w.org\/{rel}","templated":true}]}}