{"id":37,"date":"2023-04-06T16:15:37","date_gmt":"2023-04-06T19:15:37","guid":{"rendered":"https:\/\/www.leegamkt.com.br\/?page_id=37"},"modified":"2024-10-14T14:37:05","modified_gmt":"2024-10-14T17:37:05","slug":"home","status":"publish","type":"page","link":"https:\/\/www.leegamkt.com.br\/es\/","title":{"rendered":"(PT) Home"},"content":{"rendered":"","protected":false},"excerpt":{"rendered":"","protected":false},"author":1,"featured_media":0,"parent":0,"menu_order":0,"comment_status":"closed","ping_status":"closed","template":"index.php","meta":{"_acf_changed":false,"footnotes":""},"class_list":["post-37","page","type-page","status-publish","hentry"],"acf":[],"yoast_head":"<!-- This site is optimized with the Yoast SEO plugin v27.4 - https:\/\/yoast.com\/product\/yoast-seo-wordpress\/ -->\n<title>(PT) Home - LEEGA MKT<\/title>\n<meta name=\"description\" content=\"Ag\u00eancia de marketing jur\u00eddico especializada em exposi\u00e7\u00e3o e promo\u00e7\u00e3o institucional e estrat\u00e9gias digitais para escrit\u00f3rios de advocacia.\" \/>\n<meta name=\"robots\" content=\"index, follow, max-snippet:-1, max-image-preview:large, max-video-preview:-1\" \/>\n<link rel=\"canonical\" href=\"https:\/\/www.leegamkt.com.br\/\" \/>\n<meta property=\"og:locale\" content=\"es_ES\" \/>\n<meta property=\"og:type\" content=\"article\" \/>\n<meta property=\"og:title\" content=\"(PT) Home - LEEGA MKT\" \/>\n<meta property=\"og:description\" content=\"Ag\u00eancia de marketing jur\u00eddico especializada em exposi\u00e7\u00e3o e promo\u00e7\u00e3o institucional e estrat\u00e9gias digitais para escrit\u00f3rios de advocacia.\" \/>\n<meta property=\"og:url\" content=\"https:\/\/www.leegamkt.com.br\/\" \/>\n<meta property=\"og:site_name\" content=\"LEEGA MKT\" \/>\n<meta property=\"article:modified_time\" content=\"2024-10-14T17:37:05+00:00\" \/>\n<meta name=\"twitter:card\" content=\"summary_large_image\" \/>\n<script type=\"application\/ld+json\" class=\"yoast-schema-graph\">{\"@context\":\"https:\\\/\\\/schema.org\",\"@graph\":[{\"@type\":\"WebPage\",\"@id\":\"https:\\\/\\\/www.leegamkt.com.br\\\/\",\"url\":\"https:\\\/\\\/www.leegamkt.com.br\\\/\",\"name\":\"[:pb]Home[:] - LEEGA MKT\",\"isPartOf\":{\"@id\":\"https:\\\/\\\/www.leegamkt.com.br\\\/#website\"},\"datePublished\":\"2023-04-06T19:15:37+00:00\",\"dateModified\":\"2024-10-14T17:37:05+00:00\",\"description\":\"Ag\u00eancia de marketing jur\u00eddico especializada em exposi\u00e7\u00e3o e promo\u00e7\u00e3o institucional e estrat\u00e9gias digitais para escrit\u00f3rios de advocacia.\",\"breadcrumb\":{\"@id\":\"https:\\\/\\\/www.leegamkt.com.br\\\/#breadcrumb\"},\"inLanguage\":\"es\",\"potentialAction\":[{\"@type\":\"ReadAction\",\"target\":[\"https:\\\/\\\/www.leegamkt.com.br\\\/\"]}]},{\"@type\":\"BreadcrumbList\",\"@id\":\"https:\\\/\\\/www.leegamkt.com.br\\\/#breadcrumb\",\"itemListElement\":[{\"@type\":\"ListItem\",\"position\":1,\"name\":\"In\u00edcio\",\"item\":\"https:\\\/\\\/www.leegamkt.com.br\\\/\"},{\"@type\":\"ListItem\",\"position\":2,\"name\":\"Home\"}]},{\"@type\":\"WebSite\",\"@id\":\"https:\\\/\\\/www.leegamkt.com.br\\\/#website\",\"url\":\"https:\\\/\\\/www.leegamkt.com.br\\\/\",\"name\":\"LEEGA MKT\",\"description\":\"\",\"potentialAction\":[{\"@type\":\"SearchAction\",\"target\":{\"@type\":\"EntryPoint\",\"urlTemplate\":\"https:\\\/\\\/www.leegamkt.com.br\\\/?s={search_term_string}\"},\"query-input\":{\"@type\":\"PropertyValueSpecification\",\"valueRequired\":true,\"valueName\":\"search_term_string\"}}],\"inLanguage\":\"es\"}]}<\/script>\n<!-- \/ Yoast SEO plugin. -->","yoast_head_json":{"title":"(PT) Home - LEEGA MKT","description":"Ag\u00eancia de marketing jur\u00eddico especializada em exposi\u00e7\u00e3o e promo\u00e7\u00e3o institucional e estrat\u00e9gias digitais para escrit\u00f3rios de advocacia.","robots":{"index":"index","follow":"follow","max-snippet":"max-snippet:-1","max-image-preview":"max-image-preview:large","max-video-preview":"max-video-preview:-1"},"canonical":"https:\/\/www.leegamkt.com.br\/","og_locale":"es_ES","og_type":"article","og_title":"(PT) Home - LEEGA MKT","og_description":"Ag\u00eancia de marketing jur\u00eddico especializada em exposi\u00e7\u00e3o e promo\u00e7\u00e3o institucional e estrat\u00e9gias digitais para escrit\u00f3rios de advocacia.","og_url":"https:\/\/www.leegamkt.com.br\/","og_site_name":"LEEGA MKT","article_modified_time":"2024-10-14T17:37:05+00:00","twitter_card":"summary_large_image","schema":{"@context":"https:\/\/schema.org","@graph":[{"@type":"WebPage","@id":"https:\/\/www.leegamkt.com.br\/","url":"https:\/\/www.leegamkt.com.br\/","name":"[:pb]Home[:] - LEEGA MKT","isPartOf":{"@id":"https:\/\/www.leegamkt.com.br\/#website"},"datePublished":"2023-04-06T19:15:37+00:00","dateModified":"2024-10-14T17:37:05+00:00","description":"Ag\u00eancia de marketing jur\u00eddico especializada em exposi\u00e7\u00e3o e promo\u00e7\u00e3o institucional e estrat\u00e9gias digitais para escrit\u00f3rios de advocacia.","breadcrumb":{"@id":"https:\/\/www.leegamkt.com.br\/#breadcrumb"},"inLanguage":"es","potentialAction":[{"@type":"ReadAction","target":["https:\/\/www.leegamkt.com.br\/"]}]},{"@type":"BreadcrumbList","@id":"https:\/\/www.leegamkt.com.br\/#breadcrumb","itemListElement":[{"@type":"ListItem","position":1,"name":"In\u00edcio","item":"https:\/\/www.leegamkt.com.br\/"},{"@type":"ListItem","position":2,"name":"Home"}]},{"@type":"WebSite","@id":"https:\/\/www.leegamkt.com.br\/#website","url":"https:\/\/www.leegamkt.com.br\/","name":"LEEGA MKT","description":"","potentialAction":[{"@type":"SearchAction","target":{"@type":"EntryPoint","urlTemplate":"https:\/\/www.leegamkt.com.br\/?s={search_term_string}"},"query-input":{"@type":"PropertyValueSpecification","valueRequired":true,"valueName":"search_term_string"}}],"inLanguage":"es"}]}},"_links":{"self":[{"href":"https:\/\/www.leegamkt.com.br\/es\/wp-json\/wp\/v2\/pages\/37","targetHints":{"allow":["GET"]}}],"collection":[{"href":"https:\/\/www.leegamkt.com.br\/es\/wp-json\/wp\/v2\/pages"}],"about":[{"href":"https:\/\/www.leegamkt.com.br\/es\/wp-json\/wp\/v2\/types\/page"}],"author":[{"embeddable":true,"href":"https:\/\/www.leegamkt.com.br\/es\/wp-json\/wp\/v2\/users\/1"}],"replies":[{"embeddable":true,"href":"https:\/\/www.leegamkt.com.br\/es\/wp-json\/wp\/v2\/comments?post=37"}],"version-history":[{"count":1,"href":"https:\/\/www.leegamkt.com.br\/es\/wp-json\/wp\/v2\/pages\/37\/revisions"}],"predecessor-version":[{"id":38,"href":"https:\/\/www.leegamkt.com.br\/es\/wp-json\/wp\/v2\/pages\/37\/revisions\/38"}],"wp:attachment":[{"href":"https:\/\/www.leegamkt.com.br\/es\/wp-json\/wp\/v2\/media?parent=37"}],"curies":[{"name":"wp","href":"https:\/\/api.w.org\/{rel}","templated":true}]}}